{"id":6092,"date":"2024-05-01T09:52:24","date_gmt":"2024-05-01T07:52:24","guid":{"rendered":"https:\/\/www.saga-tahiti.com\/?page_id=6092"},"modified":"2024-10-11T09:40:34","modified_gmt":"2024-10-11T07:40:34","slug":"nos-partenaires-dsfe","status":"publish","type":"page","link":"https:\/\/www.saga-tahiti.com\/index.php\/nos-partenaires-dsfe\/","title":{"rendered":"Nos partenaires &#8211; DSFE"},"content":{"rendered":"\t\t<div data-elementor-type=\"wp-page\" data-elementor-id=\"6092\" class=\"elementor elementor-6092\">\n\t\t\t\t<div class=\"elementor-element elementor-element-b804c93 e-con-full e-flex e-con e-parent\" data-id=\"b804c93\" data-element_type=\"container\">\n\t\t\t\t<div class=\"elementor-element elementor-element-e874036 elementor-widget elementor-widget-cleenhearts-team\" data-id=\"e874036\" data-element_type=\"widget\" data-widget_type=\"cleenhearts-team.default\">\n\t\t\t\t<div class=\"elementor-widget-container\">\n\t\t\t\t\t\t<!-- team-details-start -->\r\n\t<section class=\"volunteer-details section-space\">\r\n\t\t<div class=\"container\">\r\n\t\t\t<div class=\"row gutter-y-40\">\r\n\t\t\t\t<div class=\"col-lg-6 wow fadeInLeft\" data-wow-duration=\"1500ms\" data-wow-delay=\"100ms\">\r\n\t\t\t\t\t<div class=\"volunteer-details__image\">\r\n\t\t\t\t\t\t<img decoding=\"async\" src=\"https:\/\/www.saga-tahiti.com\/wp-content\/uploads\/2024\/10\/dsfe-1.jpg\" alt=\"dsfe\" title=\"dsfe\" >\t\t\t\t\t\t<div class=\"volunteer-details__social\" style=\"background-image: url(https:\/\/www.saga-tahiti.com\/wp-content\/uploads\/2023\/11\/volunteer-shape-1-1.png);\">\r\n\t\t\t\t\t\t\t<ul class=\"person-social\">\r\n\t\t\t\t\t\t\t\t\t\t\t\t\t\t\t\t\t<li>\r\n\t\t\t\t\t\t\t\t\t\t<a   href=\"https:\/\/www.facebook.com\/dsfe.pf\/?locale=fr_FR\">\r\n\t\t\t\t\t\t\t\t\t\t\t<i aria-hidden=\"true\" class=\"fab fa-facebook-f\"><\/i>\t\t\t\t\t\t\t\t\t\t<\/a>\r\n\t\t\t\t\t\t\t\t\t<\/li>\r\n\t\t\t\t\t\t\t\t\t\t\t\t\t\t\t<\/ul>\r\n\t\t\t\t\t\t<\/div><!-- \/.volunteer-details__social -->\r\n\t\t\t\t\t<\/div><!-- \/.volunteer-details__image -->\r\n\t\t\t\t<\/div><!-- \/.col-lg-6 -->\r\n\t\t\t\t<div class=\"col-lg-6\">\r\n\t\t\t\t\t<div class=\"volunteer-details__info\">\r\n\t\t\t\t\t\t<div class=\"volunteer-details__info__top\">\r\n\t\t\t\t\t\t\t<div class=\"volunteer-details__info__left\">\r\n\t\t\t\t\t\t\t\t<h3 class=\"volunteer-details__name\">DSFE<\/h3><p class=\"volunteer-details__designation\">Direction des solidarit\u00e9s, de la famille et de l'\u00e9galit\u00e9<\/p>\t\t\t\t\t\t\t<\/div><!-- \/.volunteer-details__info__left -->\r\n\t\t\t\t\t\t\t\t\t\t\t\t\t<\/div><!-- \/.volunteer-details__info__top -->\r\n\t\t\t\t\t\t<p class=\"volunteer-details__text\"><div class=\"inspiring-one__text\"> La direction des solidarit\u00e9s, de la famille et de l\u2019\u00e9galit\u00e9 est charg\u00e9e \u00ab de promouvoir la coh\u00e9sion sociale, pr\u00e9venir les risques de marginalisation et de lutter contre l\u2019exclusion et contre toute forme de discrimination \u00e0 l\u2019\u00e9gard de personnes ou de groupes de personnes en situation de vuln\u00e9rabilit\u00e9\u00bb.\nPour la mise en \u0153uvre de ces objectifs, les missions sont d\u00e9clin\u00e9es de la mani\u00e8re suivante :\nparticiper \u00e0 la d\u00e9finition des politiques publiques de solidarit\u00e9, de la famille et de l\u2019\u00e9galit\u00e9 entre les hommes et les femmes ;\ncontribuer \u00e0 la promotion et \u00e0 l\u2019insertion sociale des personnes et des familles <\/div>\n<\/p>\t\t\t\t\t\t<div class=\"volunteer-details__progress\">\r\n\t\t\t\t\t\t\t\t\t\t\t\t\t<\/div><!-- \/.volunteer-details__progress -->\r\n\t\t\t\t\t\t<div class=\"volunteer-profile\">\r\n\t\t\t\t\t\t\t<div class=\"volunteer-profile__inner\">\r\n\t\t\t\t\t\t\t\t\t\t\t\t\t\t\t\t<div class=\"volunteer-profile__info\">\r\n\t\t\t\t\t\t\t\t\t<h4 class=\"volunteer-profile__name\">\r\n\t\t\t\t\t\t\t\t\t\t<a href=\"https:\/\/www.service-public.pf\/voir\/annuaire\/dsfe-direction-des-solidarites-de-la-famille-et-de-l-egalite\/\"><\/a>\r\n\t\t\t\t\t\t\t\t\t<\/h4><!-- \/.volunteer-profile__name -->\r\n\t\t\t\t\t\t\t\t\t<p class=\"volunteer-profile__designation\"><\/p><!-- \/.volunteer-profile__designation -->\r\n\t\t\t\t\t\t\t\t<\/div><!-- \/.volunteer-profile__info -->\r\n\t\t\t\t\t\t\t<\/div><!-- \/.volunteer-profile__inner -->\r\n\t\t\t\t\t\t\t\t\t\t\t\t\t<\/div><!-- \/.volunteer-profile -->\r\n\t\t\t\t\t<\/div><!-- \/.volunteer__info -->\r\n\t\t\t\t<\/div><!-- \/.col-lg-6 -->\r\n\t\t\t<\/div><!-- \/.row -->\r\n\t\t<\/div><!-- \/.container -->\r\n\t<\/section><!-- \/.volunteer-details section-space -->\r\n\t<!-- team-details-End -->\r\n\t\t\t\t<\/div>\n\t\t\t\t<\/div>\n\t\t\t\t<\/div>\n\t\t<div class=\"elementor-element elementor-element-31d0b9f e-con-full e-flex e-con e-parent\" data-id=\"31d0b9f\" data-element_type=\"container\">\n\t\t\t\t<div class=\"elementor-element elementor-element-9875044 elementor-widget elementor-widget-cleenhearts-skill\" data-id=\"9875044\" data-element_type=\"widget\" data-widget_type=\"cleenhearts-skill.default\">\n\t\t\t\t<div class=\"elementor-widget-container\">\n\t\t\t\t\t    <section class=\"volunteer-details__background\">\r\n        <div class=\"container\">\r\n            <div class=\"volunteer-details__background__Inner\">\r\n                <h4 class=\"volunteer-details__background__heading\">assurer les missions de l\u2019aide sociale \u00e0 l\u2019enfance<\/h4>                                    <div class=\"volunteer-details__background__content wow fadeInUp\" data-wow-duration=\"1500ms\" data-wow-delay=\"00ms\">\r\n                        <h5 class=\"volunteer-details__background__title\">\r\n                             <span class=\"volunteer-details__background__year\">Mission<\/span>\r\n                        <\/h5><!-- \/.volunteer-details__background__title -->\r\n                        <div class=\"volunteer-details__background__content__inner\">\r\n                            Assurer la protection administrative, l\u2019\u00e9valuation sociale et l\u2019accompagnement des personnes et groupes de personnes vuln\u00e9rables ayant fait l\u2019objet d\u2019une mesure de protection judiciaire ;\n\u00e9laborer, animer, coordonner des plans d\u2019action sociale et de pr\u00e9vention, et \u00e9valuer leur mise en oeuvre ;\naccompagner les structures \u00e0 vocation sociale et m\u00e9dico-sociale assurant la prise en charges des personnes vuln\u00e9rables ;\nparticiper \u00e0 la formation initiale et continue aux m\u00e9tiers du social ;\nLa Direction des solidarit\u00e9s, de la famille et de l\u2019\u00e9galit\u00e9 transmet \u00e0 l\u2019agence de r\u00e9gulation de l\u2019action sanitaire et sociale les chiffres, bilans, \u00e9tudes ou tout autre type de documents dans le cadre de l\u2019exercice de ses missions\n<!-- \/.volunteer-details__background__text -->\r\n                        <\/div><!-- \/.volunteer-details__background__content__inner -->\r\n                    <\/div><!-- \/.volunteer-details__background__content -->\r\n                            <\/div><!-- \/.volunteer-details__background__Inner -->\r\n        <\/div><!-- \/.container -->\r\n    <\/section><!-- \/.volunteer-details__background -->\r\n\t\t\t\t<\/div>\n\t\t\t\t<\/div>\n\t\t\t\t<\/div>\n\t\t<div class=\"elementor-element elementor-element-ad8bf35 e-con-full volunteer-details__contact e-flex e-con e-parent\" data-id=\"ad8bf35\" data-element_type=\"container\">\n\t\t\t\t<div class=\"elementor-element elementor-element-5d0269c elementor-widget elementor-widget-cleenhearts-contact-form\" data-id=\"5d0269c\" data-element_type=\"widget\" data-widget_type=\"cleenhearts-contact-form.default\">\n\t\t\t\t<div class=\"elementor-widget-container\">\n\t\t\t\t\t\r\n\t<section class=\"contact-one section-space @@extraClassName\">\r\n\t\t<div class=\"container\">\r\n\t\t\t<div class=\"row gutter-y-30\">\r\n\t\t\t\t<div class=\"col-lg-6 wow fadeInUp\" data-wow-duration=\"1500ms\" data-wow-delay=\"00ms\">\r\n\t\t\t\t\t<div class=\"contact-one__map\">\r\n\r\n\t\t\t\t\t\t<div class=\"google-map contact-one__google__map\">\r\n\t\t\t\t\t\t\t<iframe title=\"Direction des solidarit\u00e9s, de la famille et de l&#039;\u00e9galit\u00e9\" src=\"https:\/\/maps.google.com\/maps?q=Direction%20des%20solidarit%C3%A9s%2C%20de%20la%20famille%20et%20de%20l%27%C3%A9galit%C3%A9&#038;t=m&#038;z=12&#038;output=embed&#038;iwloc=near\" aria-label=\"Direction des solidarit\u00e9s, de la famille et de l&#039;\u00e9galit\u00e9\" class=\"map__contact-one__google__map\" allowfullscreen><\/iframe>\r\n\t\t\t\t\t\t<\/div>\r\n\r\n\t\t\t\t\t\t<!-- \/.google-map -->\r\n\t\t\t\t\t\t<div class=\"contact-one__info\">\r\n\t\t\t\t\t\t\t\t\t\t\t\t\t\t\t<div class=\"contact-one__info__item\">\r\n\t\t\t\t\t\t\t\t\t<div class=\"contact-one__info__icon\">\r\n\t\t\t\t\t\t\t\t\t\t<span aria-hidden=\"true\" class=\" icon-location\"><\/span>\t\t\t\t\t\t\t\t\t<\/div><!-- \/.contact-one__info__icon -->\r\n\t\t\t\t\t\t\t\t\t<div class=\"contact-one__info__content\">\r\n\t\t\t\t\t\t\t\t\t\t<h4 class=\"contact-one__info__title\">Adresse<\/h4>\r\n\t\t\t\t\t\t\t\t\t\tFC8R+PMX, Ave du Prince H\u012bnoi, Papeete 98714, Polyn\u00e9sie fran\u00e7aise\t\t\t\t\t\t\t\t\t<\/div><!-- \/.contact-one__info__content -->\r\n\t\t\t\t\t\t\t\t<\/div><!-- \/.contact-one__info__item -->\r\n\t\t\t\t\t\t\t\t\t\t\t\t\t\t\t<div class=\"contact-one__info__item\">\r\n\t\t\t\t\t\t\t\t\t<div class=\"contact-one__info__icon\">\r\n\t\t\t\t\t\t\t\t\t\t<span aria-hidden=\"true\" class=\" icon-phone\"><\/span>\t\t\t\t\t\t\t\t\t<\/div><!-- \/.contact-one__info__icon -->\r\n\t\t\t\t\t\t\t\t\t<div class=\"contact-one__info__content\">\r\n\t\t\t\t\t\t\t\t\t\t<h4 class=\"contact-one__info__title\">t\u00e9l\u00e9phone<\/h4>\r\n\t\t\t\t\t\t\t\t\t\t<a href=\"tel:+68940465846\" class=\"contact-one__info__text contact-one__info__text--link\">+689 40 46 58 46<\/a>\t\t\t\t\t\t\t\t\t<\/div><!-- \/.contact-one__info__content -->\r\n\t\t\t\t\t\t\t\t<\/div><!-- \/.contact-one__info__item -->\r\n\t\t\t\t\t\t\t\t\t\t\t\t\t\t\t<div class=\"contact-one__info__item\">\r\n\t\t\t\t\t\t\t\t\t<div class=\"contact-one__info__icon\">\r\n\t\t\t\t\t\t\t\t\t\t<span aria-hidden=\"true\" class=\"fas fa-globe\"><\/span>\t\t\t\t\t\t\t\t\t<\/div><!-- \/.contact-one__info__icon -->\r\n\t\t\t\t\t\t\t\t\t<div class=\"contact-one__info__content\">\r\n\t\t\t\t\t\t\t\t\t\t<h4 class=\"contact-one__info__title\">Site internet<\/h4>\r\n\t\t\t\t\t\t\t\t\t\t<a href=\"https:\/\/www.service-public.pf\/voir\/annuaire\/dsfe-direction-des-solidarites-de-la-famille-et-de-l-egalite\/\">www.service-public.pf<\/a>\t\t\t\t\t\t\t\t\t<\/div><!-- \/.contact-one__info__content -->\r\n\t\t\t\t\t\t\t\t<\/div><!-- \/.contact-one__info__item -->\r\n\t\t\t\t\t\t\t\t\t\t\t\t\t<\/div><!-- \/.contact-one__info -->\r\n\t\t\t\t\t<\/div><!-- \/.contact-one__map -->\r\n\t\t\t\t<\/div><!-- \/.col-lg-6 -->\r\n\t\t\t\t<div class=\"col-lg-6 wow fadeInUp\" data-wow-duration=\"1500ms\" data-wow-delay=\"200ms\">\r\n\t\t\t\t\t<div class=\"contact-one__form\">\r\n\t\t\t\t\t\t<div class=\"contact-one__form__bg\" style=\"background-image: url(https:\/\/bracketweb.com\/cleenheartswp\/wp-content\/uploads\/2023\/11\/contact-bg-1-2.png);\"><\/div><!-- \/.contact-one__form__bg -->\r\n\t\t\t\t\t\t<h2 class=\"contact-one__title\">Devenez partenaire<\/h2>\t\t\t\t\t\t<div class=\"contact-one__form__inner contact-form-validated form-one wow fadeInUp\" data-wow-duration=\"1500ms\">\r\n\t\t\t\t\t\t\t<div class=\"wpcf7 no-js\" id=\"wpcf7-f6091-o1\" lang=\"en-US\" dir=\"ltr\" data-wpcf7-id=\"6091\">\n<div class=\"screen-reader-response\"><p role=\"status\" aria-live=\"polite\" aria-atomic=\"true\"><\/p> <ul><\/ul><\/div>\n<form action=\"\/index.php\/wp-json\/wp\/v2\/pages\/6092#wpcf7-f6091-o1\" method=\"post\" class=\"wpcf7-form init\" aria-label=\"Contact form\" novalidate=\"novalidate\" data-status=\"init\">\n<fieldset class=\"hidden-fields-container\"><input type=\"hidden\" name=\"_wpcf7\" value=\"6091\" \/><input type=\"hidden\" name=\"_wpcf7_version\" value=\"6.1.4\" \/><input type=\"hidden\" name=\"_wpcf7_locale\" value=\"en_US\" \/><input type=\"hidden\" name=\"_wpcf7_unit_tag\" value=\"wpcf7-f6091-o1\" \/><input type=\"hidden\" name=\"_wpcf7_container_post\" value=\"0\" \/><input type=\"hidden\" name=\"_wpcf7_posted_data_hash\" value=\"\" \/>\n<\/fieldset>\n<div class=\"row gutter-y-20\">\n    <div class=\"col-12\">\n        <div class=\"form-one__control\">\n            <span class=\"wpcf7-form-control-wrap\" data-name=\"text-685\"><input size=\"40\" maxlength=\"400\" class=\"wpcf7-form-control wpcf7-text wpcf7-validates-as-required form-one__control__input\" id=\"name\" aria-required=\"true\" aria-invalid=\"false\" placeholder=\"entrez votre nom\" value=\"\" type=\"text\" name=\"text-685\" \/><\/span>\n        <\/div><!-- \/.form-one__control -->\n    <\/div><!-- \/.col-12 -->\n<div class=\"col-12\">\n        <div class=\"form-one__control\">\n            <span class=\"wpcf7-form-control-wrap\" data-name=\"text-firstname\"><input size=\"40\" maxlength=\"400\" class=\"wpcf7-form-control wpcf7-text wpcf7-validates-as-required form-one__control__input\" id=\"firstname\" aria-required=\"true\" aria-invalid=\"false\" placeholder=\"entrez votre pr\u00e9nom\" value=\"\" type=\"text\" name=\"text-firstname\" \/><\/span>\n        <\/div><!-- \/.form-one__control -->\n    <\/div><!-- \/.col-12 -->\n<div class=\"col-12\">\n        <div class=\"form-one__control\">\n            <span class=\"wpcf7-form-control-wrap\" data-name=\"text-686\"><input size=\"40\" maxlength=\"400\" class=\"wpcf7-form-control wpcf7-text wpcf7-validates-as-required form-one__control__input\" id=\"youremail\" aria-required=\"true\" aria-invalid=\"false\" placeholder=\"adresse e-mail\" value=\"\" type=\"text\" name=\"text-686\" \/><\/span>\n        <\/div><!-- \/.form-one__control -->\n    <\/div><!-- \/.col-12 -->\n    <div class=\"col-12\">\n        <div class=\"form-one__control\">\n            <span class=\"wpcf7-form-control-wrap\" data-name=\"text-sujet\"><input size=\"40\" maxlength=\"400\" class=\"wpcf7-form-control wpcf7-text wpcf7-validates-as-required form-one__control__input\" id=\"sujet\" aria-required=\"true\" aria-invalid=\"false\" placeholder=\"sujet\" value=\"\" type=\"text\" name=\"text-sujet\" \/><\/span>\n        <\/div><!-- \/.form-one__control -->\n    <\/div><!-- \/.col-12 -->\n    <div class=\"col-12\">\n        <div class=\"form-one__control\">\n            <span class=\"wpcf7-form-control-wrap\" data-name=\"tel-631\"><input size=\"40\" maxlength=\"400\" class=\"wpcf7-form-control wpcf7-tel wpcf7-validates-as-required wpcf7-text wpcf7-validates-as-tel form-one__control__input\" id=\"phoneno\" aria-required=\"true\" aria-invalid=\"false\" placeholder=\"num\u00e9ro de t\u00e9l\u00e9phone\" value=\"\" type=\"tel\" name=\"tel-631\" \/><\/span>\n        <\/div><!-- \/.form-one__control -->\n    <\/div><!-- \/.col-12 -->\n\n    <div class=\"col-12\">\n        <div class=\"form-one__control\">\n            <span class=\"wpcf7-form-control-wrap\" data-name=\"textarea-316\"><textarea cols=\"40\" rows=\"10\" maxlength=\"2000\" class=\"wpcf7-form-control wpcf7-textarea wpcf7-validates-as-required form-one__control__input form-one__control__message\" id=\"message\" aria-required=\"true\" aria-invalid=\"false\" name=\"textarea-316\">\u00c9crivez un message ...<\/textarea><\/span>\n        <\/div><!-- \/.form-one__control -->\n    <\/div><!-- \/.col-12 -->\n    <div class=\"col-12\">\n        <div class=\"form-one__control\">\n        <div class=\"creneau-title\" style=\"padding-left:20px\">R\u00e9pondre au quizz :<\/div>\n            <span class=\"wpcf7-form-control-wrap\" data-name=\"math-quiz\"><label><span class=\"wpcf7-quiz-label\">11+4=?<\/span> <input size=\"40\" class=\"wpcf7-form-control wpcf7-quiz\" autocomplete=\"off\" aria-required=\"true\" aria-invalid=\"false\" type=\"text\" name=\"math-quiz\" \/><\/label><input type=\"hidden\" name=\"_wpcf7_quiz_answer_math-quiz\" value=\"22c247ece352fd616fc575a0721bccc8\" \/><\/span>\n        <\/div><!-- \/.form-one__control -->\n    <\/div><!-- \/.col-12 -->\n    <div class=\"col-12\">\n        <div class=\"contact-one__btn-box form-one__control\">\n\n            <button type=\"submit\" class=\"cleenhearts-btn cleenhearts-btn--border-base\">\n                <span class=\"cleenhearts-btn__icon-box\">\n                    <span class=\"cleenhearts-btn__icon-box__inner\"><span class=\"icon-duble-arrow\"><\/span><\/span>\n                <\/span>\n                <span class=\"cleenhearts-btn__text\">envoyer le message<\/span>\n            <\/button>\n        <\/div><!-- \/.form-one__control -->\n    <\/div><!-- \/.col-12 -->\n<\/div><!-- \/.row --><div class=\"wpcf7-response-output\" aria-hidden=\"true\"><\/div>\n<\/form>\n<\/div>\t\t\t\t\t\t<\/div><!-- \/.contact-one__form__inner -->\r\n\t\t\t\t\t<\/div><!-- \/.contact-one__form -->\r\n\t\t\t\t<\/div><!-- \/.col-lg-6 -->\r\n\t\t\t<\/div><!-- \/.row -->\r\n\t\t<\/div><!-- \/.container -->\r\n\t<\/section><!-- \/.contact-one -->\r\n\r\n\t\t\t\t<\/div>\n\t\t\t\t<\/div>\n\t\t\t\t<\/div>\n\t\t\t\t<\/div>\n\t\t","protected":false},"excerpt":{"rendered":"<p>DSFE Direction des solidarit\u00e9s, de la famille et de l&rsquo;\u00e9galit\u00e9 La direction des solidarit\u00e9s, de la famille et de l\u2019\u00e9galit\u00e9 est charg\u00e9e \u00ab de promouvoir la coh\u00e9sion sociale, pr\u00e9venir les risques de marginalisation et de lutter contre l\u2019exclusion et contre toute forme de discrimination \u00e0 l\u2019\u00e9gard de personnes ou de groupes de personnes en situation [&hellip;]<\/p>\n","protected":false},"author":1,"featured_media":0,"parent":0,"menu_order":0,"comment_status":"closed","ping_status":"closed","template":"elementor_header_footer","meta":{"footnotes":""},"class_list":["post-6092","page","type-page","status-publish","hentry"],"yoast_head":"<!-- This site is optimized with the Yoast SEO plugin v26.8 - https:\/\/yoast.com\/product\/yoast-seo-wordpress\/ -->\n<title>Nos partenaires - DSFE - Saga Tahiti<\/title>\n<meta name=\"robots\" content=\"index, follow, max-snippet:-1, max-image-preview:large, max-video-preview:-1\" \/>\n<link rel=\"canonical\" href=\"https:\/\/www.saga-tahiti.com\/index.php\/nos-partenaires-dsfe\/\" \/>\n<meta property=\"og:locale\" content=\"fr_FR\" \/>\n<meta property=\"og:type\" content=\"article\" \/>\n<meta property=\"og:title\" content=\"Nos partenaires - DSFE - Saga Tahiti\" \/>\n<meta property=\"og:description\" content=\"DSFE Direction des solidarit\u00e9s, de la famille et de l&rsquo;\u00e9galit\u00e9 La direction des solidarit\u00e9s, de la famille et de l\u2019\u00e9galit\u00e9 est charg\u00e9e \u00ab de promouvoir la coh\u00e9sion sociale, pr\u00e9venir les risques de marginalisation et de lutter contre l\u2019exclusion et contre toute forme de discrimination \u00e0 l\u2019\u00e9gard de personnes ou de groupes de personnes en situation [&hellip;]\" \/>\n<meta property=\"og:url\" content=\"https:\/\/www.saga-tahiti.com\/index.php\/nos-partenaires-dsfe\/\" \/>\n<meta property=\"og:site_name\" content=\"Saga Tahiti\" \/>\n<meta property=\"article:modified_time\" content=\"2024-10-11T07:40:34+00:00\" \/>\n<meta property=\"og:image\" content=\"https:\/\/www.saga-tahiti.com\/wp-content\/uploads\/2024\/10\/dsfe-1.jpg\" \/>\n<meta name=\"twitter:card\" content=\"summary_large_image\" \/>\n<meta name=\"twitter:label1\" content=\"Dur\u00e9e de lecture estim\u00e9e\" \/>\n\t<meta name=\"twitter:data1\" content=\"2 minutes\" \/>\n<script type=\"application\/ld+json\" class=\"yoast-schema-graph\">{\"@context\":\"https:\/\/schema.org\",\"@graph\":[{\"@type\":\"WebPage\",\"@id\":\"https:\/\/www.saga-tahiti.com\/index.php\/nos-partenaires-dsfe\/\",\"url\":\"https:\/\/www.saga-tahiti.com\/index.php\/nos-partenaires-dsfe\/\",\"name\":\"Nos partenaires - DSFE - Saga Tahiti\",\"isPartOf\":{\"@id\":\"https:\/\/www.saga-tahiti.com\/#website\"},\"primaryImageOfPage\":{\"@id\":\"https:\/\/www.saga-tahiti.com\/index.php\/nos-partenaires-dsfe\/#primaryimage\"},\"image\":{\"@id\":\"https:\/\/www.saga-tahiti.com\/index.php\/nos-partenaires-dsfe\/#primaryimage\"},\"thumbnailUrl\":\"https:\/\/www.saga-tahiti.com\/wp-content\/uploads\/2024\/10\/dsfe-1.jpg\",\"datePublished\":\"2024-05-01T07:52:24+00:00\",\"dateModified\":\"2024-10-11T07:40:34+00:00\",\"breadcrumb\":{\"@id\":\"https:\/\/www.saga-tahiti.com\/index.php\/nos-partenaires-dsfe\/#breadcrumb\"},\"inLanguage\":\"fr-FR\",\"potentialAction\":[{\"@type\":\"ReadAction\",\"target\":[\"https:\/\/www.saga-tahiti.com\/index.php\/nos-partenaires-dsfe\/\"]}]},{\"@type\":\"ImageObject\",\"inLanguage\":\"fr-FR\",\"@id\":\"https:\/\/www.saga-tahiti.com\/index.php\/nos-partenaires-dsfe\/#primaryimage\",\"url\":\"https:\/\/www.saga-tahiti.com\/wp-content\/uploads\/2024\/10\/dsfe-1.jpg\",\"contentUrl\":\"https:\/\/www.saga-tahiti.com\/wp-content\/uploads\/2024\/10\/dsfe-1.jpg\",\"width\":640,\"height\":640},{\"@type\":\"BreadcrumbList\",\"@id\":\"https:\/\/www.saga-tahiti.com\/index.php\/nos-partenaires-dsfe\/#breadcrumb\",\"itemListElement\":[{\"@type\":\"ListItem\",\"position\":1,\"name\":\"Accueil\",\"item\":\"https:\/\/www.saga-tahiti.com\/\"},{\"@type\":\"ListItem\",\"position\":2,\"name\":\"Nos partenaires &#8211; DSFE\"}]},{\"@type\":\"WebSite\",\"@id\":\"https:\/\/www.saga-tahiti.com\/#website\",\"url\":\"https:\/\/www.saga-tahiti.com\/\",\"name\":\"Saga Tahiti\",\"description\":\"Aidez-nous \u00e0 poursuivre cette cause\",\"publisher\":{\"@id\":\"https:\/\/www.saga-tahiti.com\/#organization\"},\"potentialAction\":[{\"@type\":\"SearchAction\",\"target\":{\"@type\":\"EntryPoint\",\"urlTemplate\":\"https:\/\/www.saga-tahiti.com\/?s={search_term_string}\"},\"query-input\":{\"@type\":\"PropertyValueSpecification\",\"valueRequired\":true,\"valueName\":\"search_term_string\"}}],\"inLanguage\":\"fr-FR\"},{\"@type\":\"Organization\",\"@id\":\"https:\/\/www.saga-tahiti.com\/#organization\",\"name\":\"Saga Tahiti\",\"url\":\"https:\/\/www.saga-tahiti.com\/\",\"logo\":{\"@type\":\"ImageObject\",\"inLanguage\":\"fr-FR\",\"@id\":\"https:\/\/www.saga-tahiti.com\/#\/schema\/logo\/image\/\",\"url\":\"https:\/\/www.saga-tahiti.com\/wp-content\/uploads\/2024\/10\/cropped-cropped-logo250x250-1-1.png\",\"contentUrl\":\"https:\/\/www.saga-tahiti.com\/wp-content\/uploads\/2024\/10\/cropped-cropped-logo250x250-1-1.png\",\"width\":250,\"height\":250,\"caption\":\"Saga Tahiti\"},\"image\":{\"@id\":\"https:\/\/www.saga-tahiti.com\/#\/schema\/logo\/image\/\"}}]}<\/script>\n<!-- \/ Yoast SEO plugin. -->","yoast_head_json":{"title":"Nos partenaires - DSFE - Saga Tahiti","robots":{"index":"index","follow":"follow","max-snippet":"max-snippet:-1","max-image-preview":"max-image-preview:large","max-video-preview":"max-video-preview:-1"},"canonical":"https:\/\/www.saga-tahiti.com\/index.php\/nos-partenaires-dsfe\/","og_locale":"fr_FR","og_type":"article","og_title":"Nos partenaires - DSFE - Saga Tahiti","og_description":"DSFE Direction des solidarit\u00e9s, de la famille et de l&rsquo;\u00e9galit\u00e9 La direction des solidarit\u00e9s, de la famille et de l\u2019\u00e9galit\u00e9 est charg\u00e9e \u00ab de promouvoir la coh\u00e9sion sociale, pr\u00e9venir les risques de marginalisation et de lutter contre l\u2019exclusion et contre toute forme de discrimination \u00e0 l\u2019\u00e9gard de personnes ou de groupes de personnes en situation [&hellip;]","og_url":"https:\/\/www.saga-tahiti.com\/index.php\/nos-partenaires-dsfe\/","og_site_name":"Saga Tahiti","article_modified_time":"2024-10-11T07:40:34+00:00","og_image":[{"url":"https:\/\/www.saga-tahiti.com\/wp-content\/uploads\/2024\/10\/dsfe-1.jpg","type":"","width":"","height":""}],"twitter_card":"summary_large_image","twitter_misc":{"Dur\u00e9e de lecture estim\u00e9e":"2 minutes"},"schema":{"@context":"https:\/\/schema.org","@graph":[{"@type":"WebPage","@id":"https:\/\/www.saga-tahiti.com\/index.php\/nos-partenaires-dsfe\/","url":"https:\/\/www.saga-tahiti.com\/index.php\/nos-partenaires-dsfe\/","name":"Nos partenaires - DSFE - Saga Tahiti","isPartOf":{"@id":"https:\/\/www.saga-tahiti.com\/#website"},"primaryImageOfPage":{"@id":"https:\/\/www.saga-tahiti.com\/index.php\/nos-partenaires-dsfe\/#primaryimage"},"image":{"@id":"https:\/\/www.saga-tahiti.com\/index.php\/nos-partenaires-dsfe\/#primaryimage"},"thumbnailUrl":"https:\/\/www.saga-tahiti.com\/wp-content\/uploads\/2024\/10\/dsfe-1.jpg","datePublished":"2024-05-01T07:52:24+00:00","dateModified":"2024-10-11T07:40:34+00:00","breadcrumb":{"@id":"https:\/\/www.saga-tahiti.com\/index.php\/nos-partenaires-dsfe\/#breadcrumb"},"inLanguage":"fr-FR","potentialAction":[{"@type":"ReadAction","target":["https:\/\/www.saga-tahiti.com\/index.php\/nos-partenaires-dsfe\/"]}]},{"@type":"ImageObject","inLanguage":"fr-FR","@id":"https:\/\/www.saga-tahiti.com\/index.php\/nos-partenaires-dsfe\/#primaryimage","url":"https:\/\/www.saga-tahiti.com\/wp-content\/uploads\/2024\/10\/dsfe-1.jpg","contentUrl":"https:\/\/www.saga-tahiti.com\/wp-content\/uploads\/2024\/10\/dsfe-1.jpg","width":640,"height":640},{"@type":"BreadcrumbList","@id":"https:\/\/www.saga-tahiti.com\/index.php\/nos-partenaires-dsfe\/#breadcrumb","itemListElement":[{"@type":"ListItem","position":1,"name":"Accueil","item":"https:\/\/www.saga-tahiti.com\/"},{"@type":"ListItem","position":2,"name":"Nos partenaires &#8211; DSFE"}]},{"@type":"WebSite","@id":"https:\/\/www.saga-tahiti.com\/#website","url":"https:\/\/www.saga-tahiti.com\/","name":"Saga Tahiti","description":"Aidez-nous \u00e0 poursuivre cette cause","publisher":{"@id":"https:\/\/www.saga-tahiti.com\/#organization"},"potentialAction":[{"@type":"SearchAction","target":{"@type":"EntryPoint","urlTemplate":"https:\/\/www.saga-tahiti.com\/?s={search_term_string}"},"query-input":{"@type":"PropertyValueSpecification","valueRequired":true,"valueName":"search_term_string"}}],"inLanguage":"fr-FR"},{"@type":"Organization","@id":"https:\/\/www.saga-tahiti.com\/#organization","name":"Saga Tahiti","url":"https:\/\/www.saga-tahiti.com\/","logo":{"@type":"ImageObject","inLanguage":"fr-FR","@id":"https:\/\/www.saga-tahiti.com\/#\/schema\/logo\/image\/","url":"https:\/\/www.saga-tahiti.com\/wp-content\/uploads\/2024\/10\/cropped-cropped-logo250x250-1-1.png","contentUrl":"https:\/\/www.saga-tahiti.com\/wp-content\/uploads\/2024\/10\/cropped-cropped-logo250x250-1-1.png","width":250,"height":250,"caption":"Saga Tahiti"},"image":{"@id":"https:\/\/www.saga-tahiti.com\/#\/schema\/logo\/image\/"}}]}},"_links":{"self":[{"href":"https:\/\/www.saga-tahiti.com\/index.php\/wp-json\/wp\/v2\/pages\/6092","targetHints":{"allow":["GET"]}}],"collection":[{"href":"https:\/\/www.saga-tahiti.com\/index.php\/wp-json\/wp\/v2\/pages"}],"about":[{"href":"https:\/\/www.saga-tahiti.com\/index.php\/wp-json\/wp\/v2\/types\/page"}],"author":[{"embeddable":true,"href":"https:\/\/www.saga-tahiti.com\/index.php\/wp-json\/wp\/v2\/users\/1"}],"replies":[{"embeddable":true,"href":"https:\/\/www.saga-tahiti.com\/index.php\/wp-json\/wp\/v2\/comments?post=6092"}],"version-history":[{"count":28,"href":"https:\/\/www.saga-tahiti.com\/index.php\/wp-json\/wp\/v2\/pages\/6092\/revisions"}],"predecessor-version":[{"id":11219,"href":"https:\/\/www.saga-tahiti.com\/index.php\/wp-json\/wp\/v2\/pages\/6092\/revisions\/11219"}],"wp:attachment":[{"href":"https:\/\/www.saga-tahiti.com\/index.php\/wp-json\/wp\/v2\/media?parent=6092"}],"curies":[{"name":"wp","href":"https:\/\/api.w.org\/{rel}","templated":true}]}}