{"id":6134,"date":"2024-05-01T10:02:27","date_gmt":"2024-05-01T08:02:27","guid":{"rendered":"https:\/\/www.saga-tahiti.com\/?page_id=6134"},"modified":"2024-05-01T13:38:19","modified_gmt":"2024-05-01T11:38:19","slug":"nos-partenaires-colgate","status":"publish","type":"page","link":"https:\/\/www.saga-tahiti.com\/index.php\/nos-partenaires-colgate\/","title":{"rendered":"Nos partenaires &#8211; Colgate"},"content":{"rendered":"\t\t<div data-elementor-type=\"wp-page\" data-elementor-id=\"6134\" class=\"elementor elementor-6134\">\n\t\t\t\t<div class=\"elementor-element elementor-element-0c656da e-con-full e-flex e-con e-parent\" data-id=\"0c656da\" data-element_type=\"container\">\n\t\t\t\t<div class=\"elementor-element elementor-element-4bb2fb1 elementor-widget elementor-widget-cleenhearts-team\" data-id=\"4bb2fb1\" data-element_type=\"widget\" data-widget_type=\"cleenhearts-team.default\">\n\t\t\t\t<div class=\"elementor-widget-container\">\n\t\t\t\t\t\t<!-- team-details-start -->\r\n\t<section class=\"volunteer-details section-space\">\r\n\t\t<div class=\"container\">\r\n\t\t\t<div class=\"row gutter-y-40\">\r\n\t\t\t\t<div class=\"col-lg-6 wow fadeInLeft\" data-wow-duration=\"1500ms\" data-wow-delay=\"100ms\">\r\n\t\t\t\t\t<div class=\"volunteer-details__image\">\r\n\t\t\t\t\t\t<img decoding=\"async\" src=\"https:\/\/www.saga-tahiti.com\/wp-content\/uploads\/2024\/05\/colgate.png\" alt=\"colgate\" title=\"colgate\" >\t\t\t\t\t\t<div class=\"volunteer-details__social\" style=\"background-image: url(https:\/\/www.saga-tahiti.com\/wp-content\/uploads\/2023\/11\/volunteer-shape-1-1.png);\">\r\n\t\t\t\t\t\t\t<ul class=\"person-social\">\r\n\t\t\t\t\t\t\t\t\t\t\t\t\t\t\t\t\t<li>\r\n\t\t\t\t\t\t\t\t\t\t<a   href=\"https:\/\/www.facebook.com\/colgatefrance?_ga=2.180374948.204435039.1610982034-885034705.1610741795&#038;_rdc=2&#038;_rdr\">\r\n\t\t\t\t\t\t\t\t\t\t\t<i aria-hidden=\"true\" class=\"fab fa-facebook-f\"><\/i>\t\t\t\t\t\t\t\t\t\t<\/a>\r\n\t\t\t\t\t\t\t\t\t<\/li>\r\n\t\t\t\t\t\t\t\t\t\t\t\t\t\t\t\t\t<li>\r\n\t\t\t\t\t\t\t\t\t\t<a   href=\"https:\/\/twitter.com\/CP_News\">\r\n\t\t\t\t\t\t\t\t\t\t\t<i aria-hidden=\"true\" class=\"fab fa-x-twitter\"><\/i>\t\t\t\t\t\t\t\t\t\t<\/a>\r\n\t\t\t\t\t\t\t\t\t<\/li>\r\n\t\t\t\t\t\t\t\t\t\t\t\t\t\t\t\t\t<li>\r\n\t\t\t\t\t\t\t\t\t\t<a   href=\"https:\/\/www.youtube.com\/user\/CPEurope\/videos\">\r\n\t\t\t\t\t\t\t\t\t\t\t<i aria-hidden=\"true\" class=\"fab fa-youtube\"><\/i>\t\t\t\t\t\t\t\t\t\t<\/a>\r\n\t\t\t\t\t\t\t\t\t<\/li>\r\n\t\t\t\t\t\t\t\t\t\t\t\t\t\t\t<\/ul>\r\n\t\t\t\t\t\t<\/div><!-- \/.volunteer-details__social -->\r\n\t\t\t\t\t<\/div><!-- \/.volunteer-details__image -->\r\n\t\t\t\t<\/div><!-- \/.col-lg-6 -->\r\n\t\t\t\t<div class=\"col-lg-6\">\r\n\t\t\t\t\t<div class=\"volunteer-details__info\">\r\n\t\t\t\t\t\t<div class=\"volunteer-details__info__top\">\r\n\t\t\t\t\t\t\t<div class=\"volunteer-details__info__left\">\r\n\t\t\t\t\t\t\t\t<h3 class=\"volunteer-details__name\">COLGATE<\/h3><p class=\"volunteer-details__designation\">Multinationale<\/p>\t\t\t\t\t\t\t<\/div><!-- \/.volunteer-details__info__left -->\r\n\t\t\t\t\t\t\t\t\t\t\t\t\t<\/div><!-- \/.volunteer-details__info__top -->\r\n\t\t\t\t\t\t<p class=\"volunteer-details__text\"><div class=\"inspiring-one__text\"> Nous pensons que tous les enfants et leurs familles ont le droit d\u2019avoir un sourire \u00e9clatant de sant\u00e9 tout au long de leur vie. C\u2019est la raison pour laquelle nous d\u00e9fendons un avenir sans carie pour 2 milliards d\u2019enfants en mettant tout en \u0153uvre pour mettre fin \u00e0 la maladie chronique la plus fr\u00e9quente au monde : la carie dentaire. Non trait\u00e9e, la carie dentaire peut causer douleur et g\u00eane, saper la confiance en soi et la qualit\u00e9 de vie, avoir un impact sur l\u2019assiduit\u00e9 scolaire, et bien plus encore. Notre mission est d\u2019offrir aux personnes qui en ont besoin une \u00e9ducation \u00e0 la sant\u00e9 bucco-dentaire, des d\u00e9pistages dentaires gratuits et des recommandations en mati\u00e8re de traitement. Ensemble, nous pouvons cr\u00e9er un monde de sourires \u00e9clatants, et m\u00eame un avenir plus lumineux.\n<\/div>\n<\/p>\t\t\t\t\t\t<div class=\"volunteer-details__progress\">\r\n\t\t\t\t\t\t\t\t\t\t\t\t\t<\/div><!-- \/.volunteer-details__progress -->\r\n\t\t\t\t\t\t<div class=\"volunteer-profile\">\r\n\t\t\t\t\t\t\t<div class=\"volunteer-profile__inner\">\r\n\t\t\t\t\t\t\t\t\t\t\t\t\t\t\t\t<div class=\"volunteer-profile__info\">\r\n\t\t\t\t\t\t\t\t\t<h4 class=\"volunteer-profile__name\">\r\n\t\t\t\t\t\t\t\t\t\t<a href=\"\"><\/a>\r\n\t\t\t\t\t\t\t\t\t<\/h4><!-- \/.volunteer-profile__name -->\r\n\t\t\t\t\t\t\t\t\t<p class=\"volunteer-profile__designation\"><\/p><!-- \/.volunteer-profile__designation -->\r\n\t\t\t\t\t\t\t\t<\/div><!-- \/.volunteer-profile__info -->\r\n\t\t\t\t\t\t\t<\/div><!-- \/.volunteer-profile__inner -->\r\n\t\t\t\t\t\t\t\t\t\t\t\t\t<\/div><!-- \/.volunteer-profile -->\r\n\t\t\t\t\t<\/div><!-- \/.volunteer__info -->\r\n\t\t\t\t<\/div><!-- \/.col-lg-6 -->\r\n\t\t\t<\/div><!-- \/.row -->\r\n\t\t<\/div><!-- \/.container -->\r\n\t<\/section><!-- \/.volunteer-details section-space -->\r\n\t<!-- team-details-End -->\r\n\t\t\t\t<\/div>\n\t\t\t\t<\/div>\n\t\t\t\t<\/div>\n\t\t\t\t<\/div>\n\t\t","protected":false},"excerpt":{"rendered":"<p>COLGATE Multinationale Nous pensons que tous les enfants et leurs familles ont le droit d\u2019avoir un sourire \u00e9clatant de sant\u00e9 tout au long de leur vie. C\u2019est la raison pour laquelle nous d\u00e9fendons un avenir sans carie pour 2 milliards d\u2019enfants en mettant tout en \u0153uvre pour mettre fin \u00e0 la maladie chronique la plus [&hellip;]<\/p>\n","protected":false},"author":1,"featured_media":0,"parent":0,"menu_order":0,"comment_status":"closed","ping_status":"closed","template":"elementor_header_footer","meta":{"footnotes":""},"class_list":["post-6134","page","type-page","status-publish","hentry"],"yoast_head":"<!-- This site is optimized with the Yoast SEO plugin v26.8 - https:\/\/yoast.com\/product\/yoast-seo-wordpress\/ -->\n<title>Nos partenaires - Colgate - Saga Tahiti<\/title>\n<meta name=\"robots\" content=\"index, follow, max-snippet:-1, max-image-preview:large, max-video-preview:-1\" \/>\n<link rel=\"canonical\" href=\"https:\/\/www.saga-tahiti.com\/index.php\/nos-partenaires-colgate\/\" \/>\n<meta property=\"og:locale\" content=\"fr_FR\" \/>\n<meta property=\"og:type\" content=\"article\" \/>\n<meta property=\"og:title\" content=\"Nos partenaires - Colgate - Saga Tahiti\" \/>\n<meta property=\"og:description\" content=\"COLGATE Multinationale Nous pensons que tous les enfants et leurs familles ont le droit d\u2019avoir un sourire \u00e9clatant de sant\u00e9 tout au long de leur vie. C\u2019est la raison pour laquelle nous d\u00e9fendons un avenir sans carie pour 2 milliards d\u2019enfants en mettant tout en \u0153uvre pour mettre fin \u00e0 la maladie chronique la plus [&hellip;]\" \/>\n<meta property=\"og:url\" content=\"https:\/\/www.saga-tahiti.com\/index.php\/nos-partenaires-colgate\/\" \/>\n<meta property=\"og:site_name\" content=\"Saga Tahiti\" \/>\n<meta property=\"article:modified_time\" content=\"2024-05-01T11:38:19+00:00\" \/>\n<meta property=\"og:image\" content=\"https:\/\/www.saga-tahiti.com\/wp-content\/uploads\/2024\/05\/colgate.png\" \/>\n<meta name=\"twitter:card\" content=\"summary_large_image\" \/>\n<meta name=\"twitter:label1\" content=\"Dur\u00e9e de lecture estim\u00e9e\" \/>\n\t<meta name=\"twitter:data1\" content=\"1 minute\" \/>\n<script type=\"application\/ld+json\" class=\"yoast-schema-graph\">{\"@context\":\"https:\/\/schema.org\",\"@graph\":[{\"@type\":\"WebPage\",\"@id\":\"https:\/\/www.saga-tahiti.com\/index.php\/nos-partenaires-colgate\/\",\"url\":\"https:\/\/www.saga-tahiti.com\/index.php\/nos-partenaires-colgate\/\",\"name\":\"Nos partenaires - Colgate - Saga Tahiti\",\"isPartOf\":{\"@id\":\"https:\/\/www.saga-tahiti.com\/#website\"},\"primaryImageOfPage\":{\"@id\":\"https:\/\/www.saga-tahiti.com\/index.php\/nos-partenaires-colgate\/#primaryimage\"},\"image\":{\"@id\":\"https:\/\/www.saga-tahiti.com\/index.php\/nos-partenaires-colgate\/#primaryimage\"},\"thumbnailUrl\":\"https:\/\/www.saga-tahiti.com\/wp-content\/uploads\/2024\/05\/colgate.png\",\"datePublished\":\"2024-05-01T08:02:27+00:00\",\"dateModified\":\"2024-05-01T11:38:19+00:00\",\"breadcrumb\":{\"@id\":\"https:\/\/www.saga-tahiti.com\/index.php\/nos-partenaires-colgate\/#breadcrumb\"},\"inLanguage\":\"fr-FR\",\"potentialAction\":[{\"@type\":\"ReadAction\",\"target\":[\"https:\/\/www.saga-tahiti.com\/index.php\/nos-partenaires-colgate\/\"]}]},{\"@type\":\"ImageObject\",\"inLanguage\":\"fr-FR\",\"@id\":\"https:\/\/www.saga-tahiti.com\/index.php\/nos-partenaires-colgate\/#primaryimage\",\"url\":\"https:\/\/www.saga-tahiti.com\/wp-content\/uploads\/2024\/05\/colgate.png\",\"contentUrl\":\"https:\/\/www.saga-tahiti.com\/wp-content\/uploads\/2024\/05\/colgate.png\",\"width\":566,\"height\":541},{\"@type\":\"BreadcrumbList\",\"@id\":\"https:\/\/www.saga-tahiti.com\/index.php\/nos-partenaires-colgate\/#breadcrumb\",\"itemListElement\":[{\"@type\":\"ListItem\",\"position\":1,\"name\":\"Accueil\",\"item\":\"https:\/\/www.saga-tahiti.com\/\"},{\"@type\":\"ListItem\",\"position\":2,\"name\":\"Nos partenaires &#8211; Colgate\"}]},{\"@type\":\"WebSite\",\"@id\":\"https:\/\/www.saga-tahiti.com\/#website\",\"url\":\"https:\/\/www.saga-tahiti.com\/\",\"name\":\"Saga Tahiti\",\"description\":\"Aidez-nous \u00e0 poursuivre cette cause\",\"publisher\":{\"@id\":\"https:\/\/www.saga-tahiti.com\/#organization\"},\"potentialAction\":[{\"@type\":\"SearchAction\",\"target\":{\"@type\":\"EntryPoint\",\"urlTemplate\":\"https:\/\/www.saga-tahiti.com\/?s={search_term_string}\"},\"query-input\":{\"@type\":\"PropertyValueSpecification\",\"valueRequired\":true,\"valueName\":\"search_term_string\"}}],\"inLanguage\":\"fr-FR\"},{\"@type\":\"Organization\",\"@id\":\"https:\/\/www.saga-tahiti.com\/#organization\",\"name\":\"Saga Tahiti\",\"url\":\"https:\/\/www.saga-tahiti.com\/\",\"logo\":{\"@type\":\"ImageObject\",\"inLanguage\":\"fr-FR\",\"@id\":\"https:\/\/www.saga-tahiti.com\/#\/schema\/logo\/image\/\",\"url\":\"https:\/\/www.saga-tahiti.com\/wp-content\/uploads\/2024\/10\/cropped-cropped-logo250x250-1-1.png\",\"contentUrl\":\"https:\/\/www.saga-tahiti.com\/wp-content\/uploads\/2024\/10\/cropped-cropped-logo250x250-1-1.png\",\"width\":250,\"height\":250,\"caption\":\"Saga Tahiti\"},\"image\":{\"@id\":\"https:\/\/www.saga-tahiti.com\/#\/schema\/logo\/image\/\"}}]}<\/script>\n<!-- \/ Yoast SEO plugin. -->","yoast_head_json":{"title":"Nos partenaires - Colgate - Saga Tahiti","robots":{"index":"index","follow":"follow","max-snippet":"max-snippet:-1","max-image-preview":"max-image-preview:large","max-video-preview":"max-video-preview:-1"},"canonical":"https:\/\/www.saga-tahiti.com\/index.php\/nos-partenaires-colgate\/","og_locale":"fr_FR","og_type":"article","og_title":"Nos partenaires - Colgate - Saga Tahiti","og_description":"COLGATE Multinationale Nous pensons que tous les enfants et leurs familles ont le droit d\u2019avoir un sourire \u00e9clatant de sant\u00e9 tout au long de leur vie. C\u2019est la raison pour laquelle nous d\u00e9fendons un avenir sans carie pour 2 milliards d\u2019enfants en mettant tout en \u0153uvre pour mettre fin \u00e0 la maladie chronique la plus [&hellip;]","og_url":"https:\/\/www.saga-tahiti.com\/index.php\/nos-partenaires-colgate\/","og_site_name":"Saga Tahiti","article_modified_time":"2024-05-01T11:38:19+00:00","og_image":[{"url":"https:\/\/www.saga-tahiti.com\/wp-content\/uploads\/2024\/05\/colgate.png","type":"","width":"","height":""}],"twitter_card":"summary_large_image","twitter_misc":{"Dur\u00e9e de lecture estim\u00e9e":"1 minute"},"schema":{"@context":"https:\/\/schema.org","@graph":[{"@type":"WebPage","@id":"https:\/\/www.saga-tahiti.com\/index.php\/nos-partenaires-colgate\/","url":"https:\/\/www.saga-tahiti.com\/index.php\/nos-partenaires-colgate\/","name":"Nos partenaires - Colgate - Saga Tahiti","isPartOf":{"@id":"https:\/\/www.saga-tahiti.com\/#website"},"primaryImageOfPage":{"@id":"https:\/\/www.saga-tahiti.com\/index.php\/nos-partenaires-colgate\/#primaryimage"},"image":{"@id":"https:\/\/www.saga-tahiti.com\/index.php\/nos-partenaires-colgate\/#primaryimage"},"thumbnailUrl":"https:\/\/www.saga-tahiti.com\/wp-content\/uploads\/2024\/05\/colgate.png","datePublished":"2024-05-01T08:02:27+00:00","dateModified":"2024-05-01T11:38:19+00:00","breadcrumb":{"@id":"https:\/\/www.saga-tahiti.com\/index.php\/nos-partenaires-colgate\/#breadcrumb"},"inLanguage":"fr-FR","potentialAction":[{"@type":"ReadAction","target":["https:\/\/www.saga-tahiti.com\/index.php\/nos-partenaires-colgate\/"]}]},{"@type":"ImageObject","inLanguage":"fr-FR","@id":"https:\/\/www.saga-tahiti.com\/index.php\/nos-partenaires-colgate\/#primaryimage","url":"https:\/\/www.saga-tahiti.com\/wp-content\/uploads\/2024\/05\/colgate.png","contentUrl":"https:\/\/www.saga-tahiti.com\/wp-content\/uploads\/2024\/05\/colgate.png","width":566,"height":541},{"@type":"BreadcrumbList","@id":"https:\/\/www.saga-tahiti.com\/index.php\/nos-partenaires-colgate\/#breadcrumb","itemListElement":[{"@type":"ListItem","position":1,"name":"Accueil","item":"https:\/\/www.saga-tahiti.com\/"},{"@type":"ListItem","position":2,"name":"Nos partenaires &#8211; Colgate"}]},{"@type":"WebSite","@id":"https:\/\/www.saga-tahiti.com\/#website","url":"https:\/\/www.saga-tahiti.com\/","name":"Saga Tahiti","description":"Aidez-nous \u00e0 poursuivre cette cause","publisher":{"@id":"https:\/\/www.saga-tahiti.com\/#organization"},"potentialAction":[{"@type":"SearchAction","target":{"@type":"EntryPoint","urlTemplate":"https:\/\/www.saga-tahiti.com\/?s={search_term_string}"},"query-input":{"@type":"PropertyValueSpecification","valueRequired":true,"valueName":"search_term_string"}}],"inLanguage":"fr-FR"},{"@type":"Organization","@id":"https:\/\/www.saga-tahiti.com\/#organization","name":"Saga Tahiti","url":"https:\/\/www.saga-tahiti.com\/","logo":{"@type":"ImageObject","inLanguage":"fr-FR","@id":"https:\/\/www.saga-tahiti.com\/#\/schema\/logo\/image\/","url":"https:\/\/www.saga-tahiti.com\/wp-content\/uploads\/2024\/10\/cropped-cropped-logo250x250-1-1.png","contentUrl":"https:\/\/www.saga-tahiti.com\/wp-content\/uploads\/2024\/10\/cropped-cropped-logo250x250-1-1.png","width":250,"height":250,"caption":"Saga Tahiti"},"image":{"@id":"https:\/\/www.saga-tahiti.com\/#\/schema\/logo\/image\/"}}]}},"_links":{"self":[{"href":"https:\/\/www.saga-tahiti.com\/index.php\/wp-json\/wp\/v2\/pages\/6134","targetHints":{"allow":["GET"]}}],"collection":[{"href":"https:\/\/www.saga-tahiti.com\/index.php\/wp-json\/wp\/v2\/pages"}],"about":[{"href":"https:\/\/www.saga-tahiti.com\/index.php\/wp-json\/wp\/v2\/types\/page"}],"author":[{"embeddable":true,"href":"https:\/\/www.saga-tahiti.com\/index.php\/wp-json\/wp\/v2\/users\/1"}],"replies":[{"embeddable":true,"href":"https:\/\/www.saga-tahiti.com\/index.php\/wp-json\/wp\/v2\/comments?post=6134"}],"version-history":[{"count":4,"href":"https:\/\/www.saga-tahiti.com\/index.php\/wp-json\/wp\/v2\/pages\/6134\/revisions"}],"predecessor-version":[{"id":6319,"href":"https:\/\/www.saga-tahiti.com\/index.php\/wp-json\/wp\/v2\/pages\/6134\/revisions\/6319"}],"wp:attachment":[{"href":"https:\/\/www.saga-tahiti.com\/index.php\/wp-json\/wp\/v2\/media?parent=6134"}],"curies":[{"name":"wp","href":"https:\/\/api.w.org\/{rel}","templated":true}]}}